{"id":16381,"date":"2021-04-20T11:55:41","date_gmt":"2021-04-20T11:55:41","guid":{"rendered":"https:\/\/avalonplus.de\/?page_id=16381"},"modified":"2022-06-18T09:35:27","modified_gmt":"2022-06-18T09:35:27","slug":"about","status":"publish","type":"page","link":"https:\/\/avalonplus.de\/de\/about\/","title":{"rendered":"About"},"content":{"rendered":"<div  class=\"wpb_row vc_row-fluid full-width-section section  section-no-parallax  stretch\" data-speed=\"1\" style=\"background-color: #212121; \"><div class=\"col span_12 color-dark left\">\n\t<div class=\"vc_col-sm-6 wpb_column column_container col vertical-center padding-6 color-dark\" style=\"\" data-animation=\"\" data-delay=\"\">\n\t\t<div class=\"wpb_wrapper\">\n\t\t\t<h2 class=\"headline font-inherit fontsize-m fontweight-700 lh-inherit align-left transform-inherit\" style=\"margin: 0 0 20px 0; color: #e28b1f;\">\u00dcBER UNS<\/h2>\n\t<div class=\"wpb_text_column wpb_content_element\" >\n\t\t<div class=\"wpb_wrapper\">\n\t\t\t<p>AVALONPLUS GROUP ist ein Unternehmen, das Humanressources f\u00fcr unsere finnischen, estnischen, litauischen, lettischen und deutschen Partner bereitstellt. Wir gr\u00fcndeten unser Unternehmen im Jahre 2015 gegr\u00fcndet und somit sind wir seit mehr als 6 Jahren in diesem Bereich aktiv.<\/p>\n<p>Wir haben Filialen in Tallinn (Estland). Wir haben auch B\u00fcros in Vilnius (Litauen), Lahti (Finnland) und in Frankfurt am Main (Deutschland).<\/p>\n<p>Unser Hauptziel ist der Aufbau und die Pflege einer langfristigen und vertrauensvollen Beziehung zu unseren Gesch\u00e4ftspartnern. Dazu w\u00e4hlen wir unser Personal sehr sorgf\u00e4ltig aus und setzen nur hochqualifizierte Spezialisten ein.<\/p>\n\n\t\t<\/div>\n\t<\/div>\n\n\t\t<\/div> \n\t<\/div> \n\n\t<div class=\"vc_col-sm-6 wpb_column column_container col vertical-center no-padding color-dark\" style=\"background-image: url(https:\/\/avalonplus.de\/wp-content\/uploads\/2021\/04\/business-people-with-digital-tablet-blueprint-scaled.jpg); \" data-animation=\"\" data-delay=\"\">\n\t\t<div class=\"wpb_wrapper\">\n\t\t\t<div class=\"vc_empty_space\"   style=\"height: 300px\"><span class=\"vc_empty_space_inner\"><\/span><\/div>\n\t\t<\/div> \n\t<\/div> \n<\/div><\/div><div  class=\"wpb_row vc_row-fluid full-width-section section  section-no-parallax  stretch\" data-speed=\"1\" style=\"background-color: #212121; \"><div class=\"col span_12 color-dark left\">\n\t<div class=\"vc_col-sm-6 wpb_column column_container col vertical-center no-padding color-dark\" style=\"background-image: url(https:\/\/avalonplus.de\/wp-content\/uploads\/2021\/04\/group-people-working-out-business-plan-office-scaled.jpg); \" data-animation=\"\" data-delay=\"\">\n\t\t<div class=\"wpb_wrapper\">\n\t\t\t<div class=\"vc_empty_space\"   style=\"height: 300px\"><span class=\"vc_empty_space_inner\"><\/span><\/div>\n\t\t<\/div> \n\t<\/div> \n\n\t<div class=\"vc_col-sm-6 wpb_column column_container col vertical-center padding-6 color-dark\" style=\"\" data-animation=\"\" data-delay=\"\">\n\t\t<div class=\"wpb_wrapper\">\n\t\t\t<h2 class=\"headline font-inherit fontsize-m fontweight-700 lh-inherit align-left transform-inherit\" style=\"margin: 0 0 20px 0; color: #e28b1f;\">UNSERE MISSION<\/h2>\n\t<div class=\"wpb_text_column wpb_content_element\" >\n\t\t<div class=\"wpb_wrapper\">\n\t\t\t<ul>\n<li>Aufbau und Pflege langfristiger Partnerschaften zu unseren Kunden.<\/li>\n<li>Kundenzufriedenheit durch diskrete, vertrauensvolle und verl\u00e4ssliche Zusammenarbeit.<\/li>\n<li>Sorgf\u00e4ltige \u00dcberpr\u00fcfung und Auswahl unseres Personals.<\/li>\n<li>Ausbildung und Weiterqualifikation unserer Belegschaft.<\/li>\n<li>Leistungsorientierte, zuverl\u00e4ssige und zufriedene Mitarbeiter*innen.<\/li>\n<li style=\"list-style-type: none;\"><\/li>\n<\/ul>\n\n\t\t<\/div>\n\t<\/div>\n<h2 class=\"headline font-inherit fontsize-m fontweight-700 lh-inherit align-left transform-inherit\" style=\"margin: 0 0 20px 0; color: #e28b1f;\">Unser Kunde<\/h2>\n\t<div class=\"wpb_text_column wpb_content_element\" >\n\t\t<div class=\"wpb_wrapper\">\n\t\t\t<p>Ein Unternehmen, das schnell und effizient einen Mitarbeiter finden m\u00f6chte.<\/p>\n\n\t\t<\/div>\n\t<\/div>\n<h2 class=\"headline font-inherit fontsize-m fontweight-700 lh-inherit align-left transform-inherit\" style=\"margin: 0 0 20px 0; color: #e28b1f;\">Das Ergebnis unserer Arbeit<\/h2>\n\t<div class=\"wpb_text_column wpb_content_element\" >\n\t\t<div class=\"wpb_wrapper\">\n\t\t\t<p>Ein zufriedener Kunde mit unserer Arbeit.\u00a0Er hat den gesuchten Mitarbeiter p\u00fcnktlich erhalten und ist bereit f\u00fcr eine langfristige Zusammenarbeit mit uns in der Zukunft.<\/p>\n\n\t\t<\/div>\n\t<\/div>\n<h2 class=\"headline font-inherit fontsize-m fontweight-700 lh-inherit align-left transform-inherit\" style=\"margin: 0 0 20px 0; color: #e28b1f;\">Ein Mitarbeiter, der effektiv f\u00fcr den Auftraggeber arbeitet<\/h2>\n\t<div class=\"wpb_text_column wpb_content_element\" >\n\t\t<div class=\"wpb_wrapper\">\n\t\t\t<p>Dieser Mitarbeiter ist ein Kandidat f\u00fcr die Rekrutierungsagentur der AvalonPlus Gruppe. Er hat die Probezeit erfolgreich bestanden, ist mit seiner Arbeit zufrieden, ist auf das Ergebnis fokussiert und hat den Wunsch, langfristig in einem Partnerunternehmen zu arbeiten.<\/p>\n\n\t\t<\/div>\n\t<\/div>\n\n\t\t<\/div> \n\t<\/div> \n<\/div><\/div><div  class=\"wpb_row vc_row-fluid standard-section section  section-no-parallax  stretch\" data-speed=\"1\" style=\"background-color: #000000; padding-top: 60px; padding-bottom: 10px; \"><div class=\"col span_12 color-dark text-align-center\">\n\t<div class=\"vc_col-sm-1\/5 wpb_column column_container col no-padding color-dark\" style=\"\" data-animation=\"\" data-delay=\"\">\n\t\t<div class=\"wpb_wrapper\">\n\t\t\t\n\t<div class=\"wpb_text_column wpb_content_element\" >\n\t\t<div class=\"wpb_wrapper\">\n\t\t\t<span class=\"tooltips\"><a href=\"#\" title=\"Kunde\" onclick=\"return false\"><img loading=\"lazy\" decoding=\"async\" class=\"alignnone wp-image-15519\" src=\"https:\/\/avalonplus.de\/wp-content\/uploads\/2020\/06\/consolis_logo-1-300x50.jpg\" alt=\"\" width=\"180\" height=\"30\" srcset=\"https:\/\/avalonplus.de\/wp-content\/uploads\/2020\/06\/consolis_logo-1-300x50.jpg 300w, https:\/\/avalonplus.de\/wp-content\/uploads\/2020\/06\/consolis_logo-1-768x128.jpg 768w, https:\/\/avalonplus.de\/wp-content\/uploads\/2020\/06\/consolis_logo-1-1000x170.jpg 1000w, https:\/\/avalonplus.de\/wp-content\/uploads\/2020\/06\/consolis_logo-1.jpg 1022w\" sizes=\"auto, (max-width: 180px) 100vw, 180px\" \/><\/a><\/span>\n\n\t\t<\/div>\n\t<\/div>\n\n\t\t<\/div> \n\t<\/div> \n\n\t<div class=\"vc_col-sm-1\/5 wpb_column column_container col no-padding color-dark\" style=\"\" data-animation=\"\" data-delay=\"\">\n\t\t<div class=\"wpb_wrapper\">\n\t\t\t\n\t<div class=\"wpb_text_column wpb_content_element\" >\n\t\t<div class=\"wpb_wrapper\">\n\t\t\t<span class=\"tooltips\"><a href=\"#\" title=\"Kunde\" onclick=\"return false\"><img loading=\"lazy\" decoding=\"async\" class=\"alignnone wp-image-16345\" src=\"https:\/\/avalonplus.de\/wp-content\/uploads\/2021\/04\/\u0421\u043d\u0438\u043c\u043e\u043a-\u044d\u043a\u0440\u0430\u043d\u0430-2020-06-11-\u0432-22.40.00-\u043a\u043e\u043f\u0438\u044f-1-300x41.png\" alt=\"\" width=\"198\" height=\"27\" srcset=\"https:\/\/avalonplus.de\/wp-content\/uploads\/2021\/04\/\u0421\u043d\u0438\u043c\u043e\u043a-\u044d\u043a\u0440\u0430\u043d\u0430-2020-06-11-\u0432-22.40.00-\u043a\u043e\u043f\u0438\u044f-1-300x41.png 300w, https:\/\/avalonplus.de\/wp-content\/uploads\/2021\/04\/\u0421\u043d\u0438\u043c\u043e\u043a-\u044d\u043a\u0440\u0430\u043d\u0430-2020-06-11-\u0432-22.40.00-\u043a\u043e\u043f\u0438\u044f-1-16x2.png 16w, https:\/\/avalonplus.de\/wp-content\/uploads\/2021\/04\/\u0421\u043d\u0438\u043c\u043e\u043a-\u044d\u043a\u0440\u0430\u043d\u0430-2020-06-11-\u0432-22.40.00-\u043a\u043e\u043f\u0438\u044f-1.png 599w\" sizes=\"auto, (max-width: 198px) 100vw, 198px\" \/><\/a><\/span>\n\n\t\t<\/div>\n\t<\/div>\n\n\t\t<\/div> \n\t<\/div> \n\n\t<div class=\"vc_col-sm-1\/5 wpb_column column_container col no-padding color-dark\" style=\"\" data-animation=\"\" data-delay=\"\">\n\t\t<div class=\"wpb_wrapper\">\n\t\t\t\n\t<div class=\"wpb_text_column wpb_content_element\" >\n\t\t<div class=\"wpb_wrapper\">\n\t\t\t<span class=\"tooltips\"><a href=\"#\" title=\"Kunde\" onclick=\"return false\"><img loading=\"lazy\" decoding=\"async\" class=\"alignnone wp-image-16347\" src=\"https:\/\/avalonplus.de\/wp-content\/uploads\/2021\/04\/logo_0-300x104.png\" alt=\"\" width=\"170\" height=\"59\" srcset=\"https:\/\/avalonplus.de\/wp-content\/uploads\/2021\/04\/logo_0-300x104.png 300w, https:\/\/avalonplus.de\/wp-content\/uploads\/2021\/04\/logo_0-16x6.png 16w, https:\/\/avalonplus.de\/wp-content\/uploads\/2021\/04\/logo_0.png 423w\" sizes=\"auto, (max-width: 170px) 100vw, 170px\" \/><\/a><\/span>\n\n\t\t<\/div>\n\t<\/div>\n\n\t\t<\/div> \n\t<\/div> \n\n\t<div class=\"vc_col-sm-1\/5 wpb_column column_container col no-padding color-dark\" style=\"\" data-animation=\"\" data-delay=\"\">\n\t\t<div class=\"wpb_wrapper\">\n\t\t\t\n\t<div class=\"wpb_text_column wpb_content_element\" >\n\t\t<div class=\"wpb_wrapper\">\n\t\t\t<span class=\"tooltips\"><a href=\"#\" title=\"Kunde\" onclick=\"return false\"><img loading=\"lazy\" decoding=\"async\" class=\"alignnone wp-image-16349\" src=\"https:\/\/avalonplus.de\/wp-content\/uploads\/2021\/04\/LOGO-2.png\" alt=\"\" width=\"156\" height=\"24\" srcset=\"https:\/\/avalonplus.de\/wp-content\/uploads\/2021\/04\/LOGO-2.png 215w, https:\/\/avalonplus.de\/wp-content\/uploads\/2021\/04\/LOGO-2-16x2.png 16w\" sizes=\"auto, (max-width: 156px) 100vw, 156px\" \/><\/a><\/span>\n\n\t\t<\/div>\n\t<\/div>\n\n\t\t<\/div> \n\t<\/div> \n\n\t<div class=\"vc_col-sm-1\/5 wpb_column column_container col no-padding color-dark\" style=\"\" data-animation=\"\" data-delay=\"\">\n\t\t<div class=\"wpb_wrapper\">\n\t\t\t\n\t<div class=\"wpb_text_column wpb_content_element\" >\n\t\t<div class=\"wpb_wrapper\">\n\t\t\t<span class=\"tooltips\"><a href=\"#\" title=\"Kunde\" onclick=\"return false\"><img loading=\"lazy\" decoding=\"async\" class=\"alignnone wp-image-16351\" src=\"https:\/\/avalonplus.de\/wp-content\/uploads\/2021\/04\/logo-3rr-300x67.png\" alt=\"\" width=\"148\" height=\"33\" srcset=\"https:\/\/avalonplus.de\/wp-content\/uploads\/2021\/04\/logo-3rr-300x67.png 300w, https:\/\/avalonplus.de\/wp-content\/uploads\/2021\/04\/logo-3rr-16x4.png 16w, https:\/\/avalonplus.de\/wp-content\/uploads\/2021\/04\/logo-3rr.png 419w\" sizes=\"auto, (max-width: 148px) 100vw, 148px\" \/><\/a><\/span>\n\n\t\t<\/div>\n\t<\/div>\n\n\t\t<\/div> \n\t<\/div> \n<\/div><\/div><div  class=\"wpb_row vc_row-fluid standard-section section  section-no-parallax  stretch\" data-speed=\"1\" style=\"background-color: #000000; padding-top: 10px; padding-bottom: 50px; \"><div class=\"col span_12 color-dark text-align-center\">\n\t<div class=\"vc_col-sm-1\/5 wpb_column column_container col no-padding color-dark\" style=\"\" data-animation=\"\" data-delay=\"\">\n\t\t<div class=\"wpb_wrapper\">\n\t\t\t\n\t<div class=\"wpb_text_column wpb_content_element\" >\n\t\t<div class=\"wpb_wrapper\">\n\t\t\t<span class=\"tooltips\"><a href=\"#\" title=\"Kunde\" onclick=\"return false\"><img loading=\"lazy\" decoding=\"async\" class=\"alignnone wp-image-16357\" src=\"https:\/\/avalonplus.de\/wp-content\/uploads\/2021\/04\/Mammut_logo_900px-1-768x221-1-300x86.png\" alt=\"\" width=\"160\" height=\"46\" srcset=\"https:\/\/avalonplus.de\/wp-content\/uploads\/2021\/04\/Mammut_logo_900px-1-768x221-1-300x86.png 300w, https:\/\/avalonplus.de\/wp-content\/uploads\/2021\/04\/Mammut_logo_900px-1-768x221-1-16x5.png 16w, https:\/\/avalonplus.de\/wp-content\/uploads\/2021\/04\/Mammut_logo_900px-1-768x221-1.png 768w\" sizes=\"auto, (max-width: 160px) 100vw, 160px\" \/><\/a><\/span>\n\n\t\t<\/div>\n\t<\/div>\n\n\t\t<\/div> \n\t<\/div> \n\n\t<div class=\"vc_col-sm-1\/5 wpb_column column_container col no-padding color-dark\" style=\"\" data-animation=\"\" data-delay=\"\">\n\t\t<div class=\"wpb_wrapper\">\n\t\t\t\n\t<div class=\"wpb_text_column wpb_content_element\" >\n\t\t<div class=\"wpb_wrapper\">\n\t\t\t<span class=\"tooltips\"><a href=\"#\" title=\"Kunde\" onclick=\"return false\"><img loading=\"lazy\" decoding=\"async\" class=\"alignnone wp-image-15944\" src=\"https:\/\/avalonplus.de\/wp-content\/uploads\/2021\/01\/IMG-5823-300x100.png\" alt=\"\" width=\"138\" height=\"46\" srcset=\"https:\/\/avalonplus.de\/wp-content\/uploads\/2021\/01\/IMG-5823-300x100.png 300w, https:\/\/avalonplus.de\/wp-content\/uploads\/2021\/01\/IMG-5823-16x5.png 16w, https:\/\/avalonplus.de\/wp-content\/uploads\/2021\/01\/IMG-5823.png 768w\" sizes=\"auto, (max-width: 138px) 100vw, 138px\" \/><\/a><\/span>\n\n\t\t<\/div>\n\t<\/div>\n\n\t\t<\/div> \n\t<\/div> \n\n\t<div class=\"vc_col-sm-1\/5 wpb_column column_container col no-padding color-dark\" style=\"\" data-animation=\"\" data-delay=\"\">\n\t\t<div class=\"wpb_wrapper\">\n\t\t\t\n\t<div class=\"wpb_text_column wpb_content_element\" >\n\t\t<div class=\"wpb_wrapper\">\n\t\t\t<span class=\"tooltips\"><a href=\"#\" title=\"Kunde\" onclick=\"return false\"><img loading=\"lazy\" decoding=\"async\" class=\"alignnone wp-image-16356\" src=\"https:\/\/avalonplus.de\/wp-content\/uploads\/2021\/04\/logo-3f-1.png\" alt=\"\" width=\"110\" height=\"64\" srcset=\"https:\/\/avalonplus.de\/wp-content\/uploads\/2021\/04\/logo-3f-1.png 154w, https:\/\/avalonplus.de\/wp-content\/uploads\/2021\/04\/logo-3f-1-16x9.png 16w\" sizes=\"auto, (max-width: 110px) 100vw, 110px\" \/><\/a><\/span>\n\n\t\t<\/div>\n\t<\/div>\n\n\t\t<\/div> \n\t<\/div> \n\n\t<div class=\"vc_col-sm-1\/5 wpb_column column_container col no-padding color-dark\" style=\"\" data-animation=\"\" data-delay=\"\">\n\t\t<div class=\"wpb_wrapper\">\n\t\t\t\n\t<div class=\"wpb_text_column wpb_content_element\" >\n\t\t<div class=\"wpb_wrapper\">\n\t\t\t<span class=\"tooltips\"><a href=\"#\" title=\"Kunde\" onclick=\"return false\"><img loading=\"lazy\" decoding=\"async\" class=\"alignnone wp-image-16360\" src=\"https:\/\/avalonplus.de\/wp-content\/uploads\/2021\/04\/logo-2-2.png\" alt=\"\" width=\"160\" height=\"22\" srcset=\"https:\/\/avalonplus.de\/wp-content\/uploads\/2021\/04\/logo-2-2.png 248w, https:\/\/avalonplus.de\/wp-content\/uploads\/2021\/04\/logo-2-2-16x2.png 16w\" sizes=\"auto, (max-width: 160px) 100vw, 160px\" \/><\/a><\/span>\n\n\t\t<\/div>\n\t<\/div>\n\n\t\t<\/div> \n\t<\/div> \n\n\t<div class=\"vc_col-sm-1\/5 wpb_column column_container col no-padding color-dark\" style=\"\" data-animation=\"\" data-delay=\"\">\n\t\t<div class=\"wpb_wrapper\">\n\t\t\t\n\t<div class=\"wpb_text_column wpb_content_element\" >\n\t\t<div class=\"wpb_wrapper\">\n\t\t\t<span class=\"tooltips\"><a href=\"#\" title=\"Kunde\" onclick=\"return false\"><img loading=\"lazy\" decoding=\"async\" class=\"alignnone wp-image-16359\" src=\"https:\/\/avalonplus.de\/wp-content\/uploads\/2021\/04\/aksa-logo-768x170-1-300x66.png\" alt=\"\" width=\"159\" height=\"35\" srcset=\"https:\/\/avalonplus.de\/wp-content\/uploads\/2021\/04\/aksa-logo-768x170-1-300x66.png 300w, https:\/\/avalonplus.de\/wp-content\/uploads\/2021\/04\/aksa-logo-768x170-1-16x4.png 16w, https:\/\/avalonplus.de\/wp-content\/uploads\/2021\/04\/aksa-logo-768x170-1.png 768w\" sizes=\"auto, (max-width: 159px) 100vw, 159px\" \/><\/a><\/span>\n\n\t\t<\/div>\n\t<\/div>\n\n\t\t<\/div> \n\t<\/div> \n<\/div><\/div>","protected":false},"excerpt":{"rendered":"\u00dcBER UNS AVALONPLUS GROUP ist ein Unternehmen, das Humanressources f\u00fcr unsere finnischen, estnischen, litauischen, lettischen und deutschen Partner bereitstellt. Wir gr\u00fcndeten unser Unternehmen im Jahre 2015 gegr\u00fcndet und somit sind wir seit mehr als 6 Jahren in diesem Bereich aktiv. Wir haben Filialen in Tallinn (Estland). Wir haben auch B\u00fcros in Vilnius (Litauen), Lahti (Finnland) und in Frankfurt am Main (Deutschland). Unser Hauptziel ist der Aufbau und die Pflege einer langfristigen und vertrauensvollen Beziehung zu unseren Gesch\u00e4ftspartnern. Dazu w\u00e4hlen wir unser Personal sehr sorgf\u00e4ltig aus und setzen nur hochqualifizierte Spezialisten ein. UNSERE MISSION Aufbau und Pflege langfristiger Partnerschaften zu unseren Kunden. Kundenzufriedenheit durch diskrete, vertrauensvolle und verl\u00e4ssliche Zusammenarbeit. Sorgf\u00e4ltige \u00dcberpr\u00fcfung und Auswahl unseres Personals. Ausbildung und Weiterqualifikation unserer Belegschaft. Leistungsorientierte, zuverl\u00e4ssige und zufriedene Mitarbeiter*innen. Unser Kunde Ein Unternehmen, das schnell und effizient einen Mitarbeiter finden m\u00f6chte. Das Ergebnis unserer Arbeit Ein zufriedener Kunde mit unserer Arbeit.\u00a0Er hat den gesuchten Mitarbeiter p\u00fcnktlich erhalten und ist bereit f\u00fcr eine langfristige Zusammenarbeit mit uns in der Zukunft. Ein Mitarbeiter, der effektiv f\u00fcr den Auftraggeber arbeitet Dieser Mitarbeiter ist ein Kandidat f\u00fcr die Rekrutierungsagentur der AvalonPlus Gruppe. Er hat die Probezeit erfolgreich bestanden, ist mit seiner Arbeit zufrieden, ist auf das Ergebnis fokussiert und [...]","protected":false},"author":1,"featured_media":16199,"parent":0,"menu_order":0,"comment_status":"closed","ping_status":"closed","template":"","meta":{"footnotes":""},"class_list":["post-16381","page","type-page","status-publish","has-post-thumbnail","hentry"],"yoast_head":"<!-- This site is optimized with the Yoast SEO plugin v20.13 - https:\/\/yoast.com\/wordpress\/plugins\/seo\/ -->\n<title>About - AvalonPlus Group<\/title>\n<meta name=\"description\" content=\"We save your time. We are an intermediary between your company and job seekers. Use our services and minimize the risk of hiring employees who do not meet your requirements.\" \/>\n<meta name=\"robots\" content=\"index, follow, max-snippet:-1, max-image-preview:large, max-video-preview:-1\" \/>\n<link rel=\"canonical\" href=\"https:\/\/avalonplus.de\/de\/about\/\" \/>\n<meta property=\"og:locale\" content=\"de_DE\" \/>\n<meta property=\"og:type\" content=\"article\" \/>\n<meta property=\"og:title\" content=\"About - AvalonPlus Group\" \/>\n<meta property=\"og:description\" content=\"We save your time. We are an intermediary between your company and job seekers. Use our services and minimize the risk of hiring employees who do not meet your requirements.\" \/>\n<meta property=\"og:url\" content=\"https:\/\/avalonplus.de\/de\/about\/\" \/>\n<meta property=\"og:site_name\" content=\"AvalonPlus Group\" \/>\n<meta property=\"article:modified_time\" content=\"2022-06-18T09:35:27+00:00\" \/>\n<meta property=\"og:image\" content=\"https:\/\/avalonplus.de\/wp-content\/uploads\/2021\/04\/Screenshot-2021-04-12-at-11.42.19.png\" \/>\n\t<meta property=\"og:image:width\" content=\"1042\" \/>\n\t<meta property=\"og:image:height\" content=\"358\" \/>\n\t<meta property=\"og:image:type\" content=\"image\/png\" \/>\n<meta name=\"twitter:card\" content=\"summary_large_image\" \/>\n<meta name=\"twitter:label1\" content=\"Gesch\u00e4tzte Lesezeit\" \/>\n\t<meta name=\"twitter:data1\" content=\"4 Minuten\" \/>\n<script type=\"application\/ld+json\" class=\"yoast-schema-graph\">{\"@context\":\"https:\/\/schema.org\",\"@graph\":[{\"@type\":\"WebPage\",\"@id\":\"https:\/\/avalonplus.de\/about\/\",\"url\":\"https:\/\/avalonplus.de\/about\/\",\"name\":\"About - AvalonPlus Group\",\"isPartOf\":{\"@id\":\"https:\/\/avalonplus.de\/#website\"},\"datePublished\":\"2021-04-20T11:55:41+00:00\",\"dateModified\":\"2022-06-18T09:35:27+00:00\",\"description\":\"We save your time. We are an intermediary between your company and job seekers. Use our services and minimize the risk of hiring employees who do not meet your requirements.\",\"breadcrumb\":{\"@id\":\"https:\/\/avalonplus.de\/about\/#breadcrumb\"},\"inLanguage\":\"de-DE\",\"potentialAction\":[{\"@type\":\"ReadAction\",\"target\":[\"https:\/\/avalonplus.de\/about\/\"]}]},{\"@type\":\"BreadcrumbList\",\"@id\":\"https:\/\/avalonplus.de\/about\/#breadcrumb\",\"itemListElement\":[{\"@type\":\"ListItem\",\"position\":1,\"name\":\"\u0413\u043b\u0430\u0432\u043d\u0430\u044f \u0441\u0442\u0440\u0430\u043d\u0438\u0446\u0430\",\"item\":\"https:\/\/avalonplus.de\/\"},{\"@type\":\"ListItem\",\"position\":2,\"name\":\"About\"}]},{\"@type\":\"WebSite\",\"@id\":\"https:\/\/avalonplus.de\/#website\",\"url\":\"https:\/\/avalonplus.de\/\",\"name\":\"AvalonPlus Group\",\"description\":\"Find workers abroad\",\"publisher\":{\"@id\":\"https:\/\/avalonplus.de\/#organization\"},\"potentialAction\":[{\"@type\":\"SearchAction\",\"target\":{\"@type\":\"EntryPoint\",\"urlTemplate\":\"https:\/\/avalonplus.de\/?s={search_term_string}\"},\"query-input\":\"required name=search_term_string\"}],\"inLanguage\":\"de-DE\"},{\"@type\":\"Organization\",\"@id\":\"https:\/\/avalonplus.de\/#organization\",\"name\":\"EH Rent Stuff\",\"url\":\"https:\/\/avalonplus.de\/\",\"logo\":{\"@type\":\"ImageObject\",\"inLanguage\":\"de-DE\",\"@id\":\"https:\/\/avalonplus.de\/#\/schema\/logo\/image\/\",\"url\":\"https:\/\/avalonplus.de\/wp-content\/uploads\/2020\/06\/\u0421\u043d\u0438\u043c\u043e\u043a-\u044d\u0430\u0443\u043a\u0440\u0430\u043d\u0430-2020-06-16-\u0432-14.12.31-3.png\",\"contentUrl\":\"https:\/\/avalonplus.de\/wp-content\/uploads\/2020\/06\/\u0421\u043d\u0438\u043c\u043e\u043a-\u044d\u0430\u0443\u043a\u0440\u0430\u043d\u0430-2020-06-16-\u0432-14.12.31-3.png\",\"width\":314,\"height\":50,\"caption\":\"EH Rent Stuff\"},\"image\":{\"@id\":\"https:\/\/avalonplus.de\/#\/schema\/logo\/image\/\"}}]}<\/script>\n<!-- \/ Yoast SEO plugin. -->","yoast_head_json":{"title":"About - AvalonPlus Group","description":"We save your time. We are an intermediary between your company and job seekers. Use our services and minimize the risk of hiring employees who do not meet your requirements.","robots":{"index":"index","follow":"follow","max-snippet":"max-snippet:-1","max-image-preview":"max-image-preview:large","max-video-preview":"max-video-preview:-1"},"canonical":"https:\/\/avalonplus.de\/de\/about\/","og_locale":"de_DE","og_type":"article","og_title":"About - AvalonPlus Group","og_description":"We save your time. We are an intermediary between your company and job seekers. Use our services and minimize the risk of hiring employees who do not meet your requirements.","og_url":"https:\/\/avalonplus.de\/de\/about\/","og_site_name":"AvalonPlus Group","article_modified_time":"2022-06-18T09:35:27+00:00","og_image":[{"width":1042,"height":358,"url":"https:\/\/avalonplus.de\/wp-content\/uploads\/2021\/04\/Screenshot-2021-04-12-at-11.42.19.png","type":"image\/png"}],"twitter_card":"summary_large_image","twitter_misc":{"Gesch\u00e4tzte Lesezeit":"4 Minuten"},"schema":{"@context":"https:\/\/schema.org","@graph":[{"@type":"WebPage","@id":"https:\/\/avalonplus.de\/about\/","url":"https:\/\/avalonplus.de\/about\/","name":"About - AvalonPlus Group","isPartOf":{"@id":"https:\/\/avalonplus.de\/#website"},"datePublished":"2021-04-20T11:55:41+00:00","dateModified":"2022-06-18T09:35:27+00:00","description":"We save your time. We are an intermediary between your company and job seekers. Use our services and minimize the risk of hiring employees who do not meet your requirements.","breadcrumb":{"@id":"https:\/\/avalonplus.de\/about\/#breadcrumb"},"inLanguage":"de-DE","potentialAction":[{"@type":"ReadAction","target":["https:\/\/avalonplus.de\/about\/"]}]},{"@type":"BreadcrumbList","@id":"https:\/\/avalonplus.de\/about\/#breadcrumb","itemListElement":[{"@type":"ListItem","position":1,"name":"\u0413\u043b\u0430\u0432\u043d\u0430\u044f \u0441\u0442\u0440\u0430\u043d\u0438\u0446\u0430","item":"https:\/\/avalonplus.de\/"},{"@type":"ListItem","position":2,"name":"About"}]},{"@type":"WebSite","@id":"https:\/\/avalonplus.de\/#website","url":"https:\/\/avalonplus.de\/","name":"AvalonPlus Group","description":"Find workers abroad","publisher":{"@id":"https:\/\/avalonplus.de\/#organization"},"potentialAction":[{"@type":"SearchAction","target":{"@type":"EntryPoint","urlTemplate":"https:\/\/avalonplus.de\/?s={search_term_string}"},"query-input":"required name=search_term_string"}],"inLanguage":"de-DE"},{"@type":"Organization","@id":"https:\/\/avalonplus.de\/#organization","name":"EH Rent Stuff","url":"https:\/\/avalonplus.de\/","logo":{"@type":"ImageObject","inLanguage":"de-DE","@id":"https:\/\/avalonplus.de\/#\/schema\/logo\/image\/","url":"https:\/\/avalonplus.de\/wp-content\/uploads\/2020\/06\/\u0421\u043d\u0438\u043c\u043e\u043a-\u044d\u0430\u0443\u043a\u0440\u0430\u043d\u0430-2020-06-16-\u0432-14.12.31-3.png","contentUrl":"https:\/\/avalonplus.de\/wp-content\/uploads\/2020\/06\/\u0421\u043d\u0438\u043c\u043e\u043a-\u044d\u0430\u0443\u043a\u0440\u0430\u043d\u0430-2020-06-16-\u0432-14.12.31-3.png","width":314,"height":50,"caption":"EH Rent Stuff"},"image":{"@id":"https:\/\/avalonplus.de\/#\/schema\/logo\/image\/"}}]}},"_links":{"self":[{"href":"https:\/\/avalonplus.de\/de\/wp-json\/wp\/v2\/pages\/16381","targetHints":{"allow":["GET"]}}],"collection":[{"href":"https:\/\/avalonplus.de\/de\/wp-json\/wp\/v2\/pages"}],"about":[{"href":"https:\/\/avalonplus.de\/de\/wp-json\/wp\/v2\/types\/page"}],"author":[{"embeddable":true,"href":"https:\/\/avalonplus.de\/de\/wp-json\/wp\/v2\/users\/1"}],"replies":[{"embeddable":true,"href":"https:\/\/avalonplus.de\/de\/wp-json\/wp\/v2\/comments?post=16381"}],"version-history":[{"count":2,"href":"https:\/\/avalonplus.de\/de\/wp-json\/wp\/v2\/pages\/16381\/revisions"}],"predecessor-version":[{"id":16419,"href":"https:\/\/avalonplus.de\/de\/wp-json\/wp\/v2\/pages\/16381\/revisions\/16419"}],"wp:featuredmedia":[{"embeddable":true,"href":"https:\/\/avalonplus.de\/de\/wp-json\/wp\/v2\/media\/16199"}],"wp:attachment":[{"href":"https:\/\/avalonplus.de\/de\/wp-json\/wp\/v2\/media?parent=16381"}],"curies":[{"name":"wp","href":"https:\/\/api.w.org\/{rel}","templated":true}]}}